{"id":22,"date":"2025-03-27T13:44:03","date_gmt":"2025-03-27T12:44:03","guid":{"rendered":"https:\/\/dmreformasymantenimiento.com\/?page_id=22"},"modified":"2026-02-02T07:31:50","modified_gmt":"2026-02-02T06:31:50","slug":"declaracion-de-accesibilidad","status":"publish","type":"page","link":"https:\/\/dmreformasymantenimiento.com\/en_us\/declaracion-de-accesibilidad\/","title":{"rendered":"Accessibility Statement"},"content":{"rendered":"<div data-elementor-type=\"wp-page\" data-elementor-id=\"22\" class=\"elementor elementor-22\" data-elementor-post-type=\"page\">\n\t\t\t\t<div class=\"elementor-element elementor-element-5eb8f1e3 e-flex e-con-boxed e-con e-parent\" data-id=\"5eb8f1e3\" data-element_type=\"container\">\n\t\t\t\t\t<div class=\"e-con-inner\">\n\t\t\t\t<div class=\"elementor-element elementor-element-946330f elementor-widget elementor-widget-text-editor\" data-id=\"946330f\" data-element_type=\"widget\" data-widget_type=\"text-editor.default\">\n\t\t\t\t<div class=\"elementor-widget-container\">\n\t\t\t\t\t\t\t\t\t<h3 class=\"\" data-start=\"76\" data-end=\"113\"><strong data-start=\"80\" data-end=\"111\">Commitment to Accessibility<\/strong><\/h3>\n<p class=\"\" data-start=\"115\" data-end=\"318\">Dmitry Tsatsenko undertakes to make his website accessible in accordance with Royal Decree 1112\/2018, of September 7, on the accessibility of websites and mobile applications of the public sector.<\/p>\n<p class=\"\" data-start=\"320\" data-end=\"410\">This accessibility statement applies to the website https:\/\/dmreformasymantenimiento.com.<\/p>\n\n<h3 class=\"\" data-start=\"412\" data-end=\"439\"><strong data-start=\"416\" data-end=\"437\">Status of Compliance<\/strong><\/h3>\n<p class=\"\" data-start=\"441\" data-end=\"569\">This website is partially compliant with RD 1112\/2018 due to the exceptions and non-compliance of the aspects indicated below.<\/p>\n\n<h3 class=\"\" data-start=\"571\" data-end=\"603\"><strong data-start=\"575\" data-end=\"601\">Inaccessible Content<\/strong><\/h3>\n<p class=\"\" data-start=\"605\" data-end=\"676\">The content detailed below is not accessible for the following reasons:<\/p>\n\n<h4 class=\"\" data-start=\"678\" data-end=\"721\"><strong data-start=\"683\" data-end=\"719\">Non-compliance with Royal Decree 1112\/2018<\/strong><\/h4>\n<ul data-start=\"723\" data-end=\"3847\">\n \t<li class=\"\" data-start=\"723\" data-end=\"906\">\n<p class=\"\" data-start=\"725\" data-end=\"906\">There are logos and images with incorrect or confusing alternative text, as well as complex images without textual descriptions. [Requirement 9.1.1.1 Non-textual content, UNE-EN 301549:2022]<\/p>\n<\/li>\n \t<li class=\"\" data-start=\"907\" data-end=\"1116\">\n<p class=\"\" data-start=\"909\" data-end=\"1116\">There are incorrectly created lists (without list labels), tables with incorrectly labeled cells, and invisible labels on form elements. [Requirement 9.1.3.1 Information and relationships, UNE-EN 301549:2022]<\/p>\n<\/li>\n \t<li class=\"\" data-start=\"1117\" data-end=\"1293\">\n<p class=\"\" data-start=\"1119\" data-end=\"1293\">There are tables that are not adapted to small screen sizes and form fields that do not display correctly on small screens. [Requirement 9.1.4.10 Text resizing, UNE-EN 301549:2022]<\/p>\n<\/li>\n \t<li class=\"\" data-start=\"1294\" data-end=\"1434\">\n<p class=\"\" data-start=\"1296\" data-end=\"1434\">Some text is not displayed correctly when line spacing and height are modified. [Requirement 9.1.4.12 Text spacing, UNE-EN 301549:2022]<\/p>\n<\/li>\n \t<li class=\"\" data-start=\"1435\" data-end=\"1678\">\n<p class=\"\" data-start=\"1437\" data-end=\"1678\">Some elements are not accessible via keyboard, such as social media links, the text editor for comments, search result sorting elements, result pagination, or calendar arrows. [Requirement 9.2.1.1 Keyboard, UNE-EN 301549:2022]<\/p>\n<\/li>\n \t<li class=\"\" data-start=\"1679\" data-end=\"1831\">\n<p class=\"\" data-start=\"1681\" data-end=\"1831\">Some elements do not receive focus and, therefore, cannot be used via keyboard. [Requirement 9.2.4.3 Focus order, UNE-EN 301549:2022]<\/p>\n<\/li>\n \t<li class=\"\" data-start=\"1832\" data-end=\"2034\">\n<p class=\"\" data-start=\"1834\" data-end=\"2034\">Some links do not correctly identify their function (for example, they have an inadequate description, overly generic text, an incorrect title, etc.). [Requirement 9.2.4.4 Purpose of links, UNE-EN 301549:2022]<\/p>\n<\/li>\n \t<li class=\"\" data-start=\"2035\" data-end=\"2162\">\n<p class=\"\" data-start=\"2037\" data-end=\"2162\">Some headings contain repetitive and\/or non-descriptive text. [Requirement 9.2.4.6 Headings and labels, UNE-EN 301549:2022]<\/p>\n<\/li>\n \t<li class=\"\" data-start=\"2163\" data-end=\"2339\">\n<p class=\"\" data-start=\"2165\" data-end=\"2339\">Some images, infographics, link or button text, headings, and content are not translated into other languages. [Requirement 9.3.1.2 Language of the parts, UNE-EN 301549:2022]<\/p>\n<\/li>\n \t<li class=\"\" data-start=\"2340\" data-end=\"2483\">\n<p class=\"\" data-start=\"2342\" data-end=\"2483\">Some pages use the same icon for different purposes, which can cause confusion. [Requirement 9.3.2.4 Consistent identification, UNE-EN 301549:2022]<\/p>\n<\/li>\n \t<li class=\"\" data-start=\"2484\" data-end=\"2751\">\n<p class=\"\" data-start=\"2486\" data-end=\"2751\">Some error messages are not sufficiently descriptive, or several error messages are not grouped into one. Additionally, some forms do not include hints to help the user fill in the fields correctly. [Requirement 9.3.3.1 Error identification, UNE-EN 301549:2022]<\/p>\n<\/li>\n \t<li class=\"\" data-start=\"2752\" data-end=\"2996\">\n<p class=\"\" data-start=\"2754\" data-end=\"2996\">Some forms contain mandatory fields without informing the user that they are mandatory, and some fields do not include textual examples of the expected format (e.g., ID number). [Requirement 9.3.3.2 Labels and instructions, UNE-EN 301549:2022]<\/p>\n<\/li>\n \t<li class=\"\" data-start=\"2997\" data-end=\"3182\">\n<p class=\"\" data-start=\"2999\" data-end=\"3182\">Some form fields display an error message when an incorrect value is entered, but do not offer suggestions for correcting it. [Requirement 9.3.3.3 Suggestions for errors, UNE-EN 301549:2022]<\/p>\n<\/li>\n \t<li class=\"\" data-start=\"3183\" data-end=\"3425\">\n<p class=\"\" data-start=\"3185\" data-end=\"3425\">Some pages contain syntax errors that may prevent assistive technologies from correctly interpreting the content (e.g., duplicate identifiers, unclosed tags, or incorrect structures). [Requirement 9.4.1.1 Processing, UNE-EN 301549:2022]<\/p>\n<\/li>\n \t<li class=\"\" data-start=\"3426\" data-end=\"3785\">\n<p class=\"\" data-start=\"3428\" data-end=\"3785\">Some pages contain interface elements that assistive technologies cannot detect, interact with, or receive status information from (e.g., help messages, action status messages, link attributes, or language indicators), preventing screen readers from reading them at the appropriate time. [Requirement 9.4.1.2 Name, function, and value, UNE-EN 301549:2022]<\/p>\n<\/li>\n \t<li class=\"\" data-start=\"3786\" data-end=\"3847\">\n<p class=\"\" data-start=\"3788\" data-end=\"3847\">There may be occasional editing errors on some web pages.<\/p>\n<\/li>\n<\/ul>\n\n<h3 class=\"\" data-start=\"3849\" data-end=\"3882\"><strong data-start=\"3853\" data-end=\"3880\">Disproportionate Burden<\/strong><\/h3>\n<p class=\"\" data-start=\"3884\" data-end=\"3901\">Not applicable.<\/p>\n\n<h3 class=\"\" data-start=\"3903\" data-end=\"3964\"><strong data-start=\"3907\" data-end=\"3962\">Content Outside the Scope of Applicable Legislation<\/strong><\/h3>\n<p class=\"\" data-start=\"3966\" data-end=\"4176\">Some office documents in PDF or other formats published before September 20, 2018, may not fully comply with accessibility requirements. However, efforts have been made to ensure that most of them are accessible.<\/p>\n\n<h3 class=\"\" data-start=\"4178\" data-end=\"4231\"><strong data-start=\"4182\" data-end=\"4229\">Preparation of this Accessibility Statement<\/strong><\/h3>\n<p class=\"\" data-start=\"4233\" data-end=\"4285\">This declaration was prepared on <strong data-start=\"4264\" data-end=\"4282\">March 26, 2025<\/strong>.<\/p>\n<p class=\"\" data-start=\"4287\" data-end=\"4389\">The method used to prepare the declaration has been a <strong data-start=\"4334\" data-end=\"4353\">self-assessment<\/strong> carried out by the entity itself.<\/p>\n<p class=\"\" data-start=\"4391\" data-end=\"4442\"><strong data-start=\"4391\" data-end=\"4424\">Last review of the statement:<\/strong> March 26, 2025.<\/p>\n\n<h3 class=\"\" data-start=\"4444\" data-end=\"4486\"><strong data-start=\"4448\" data-end=\"4484\">Notes and Contact Information<\/strong><\/h3>\n<p class=\"\" data-start=\"4488\" data-end=\"4584\">You can submit communications regarding accessibility requirements (article 10.2.a of RD 1112\/2018), such as:<\/p>\n\n<ul data-start=\"4586\" data-end=\"4791\">\n \t<li class=\"\" data-start=\"4586\" data-end=\"4643\">\n<p class=\"\" data-start=\"4588\" data-end=\"4643\">Report any potential violations by this website<\/p>\n<\/li>\n \t<li class=\"\" data-start=\"4644\" data-end=\"4701\">\n<p class=\"\" data-start=\"4646\" data-end=\"4701\">Report other difficulties accessing the content<\/p>\n<\/li>\n \t<li class=\"\" data-start=\"4702\" data-end=\"4791\">\n<p class=\"\" data-start=\"4704\" data-end=\"4791\">Please submit any other questions or suggestions for improvement related to the accessibility of the website.<\/p>\n<\/li>\n<\/ul>\n<p class=\"\" data-start=\"4793\" data-end=\"4844\">You can do so through the following <strong data-start=\"4825\" data-end=\"4841\">contact form<\/strong>.<\/p>\n\n<h3 class=\"\" data-start=\"4846\" data-end=\"4906\"><strong data-start=\"4850\" data-end=\"4904\">Complaints and Requests for Accessible Information<\/strong><\/h3>\n<p class=\"\" data-start=\"4908\" data-end=\"4925\">You may present:<\/p>\n\n<ul data-start=\"4927\" data-end=\"5222\">\n \t<li class=\"\" data-start=\"4927\" data-end=\"5005\">\n<p class=\"\" data-start=\"4929\" data-end=\"5005\">A <strong data-start=\"4931\" data-end=\"4944\">complaint<\/strong> relating to compliance with the requirements of Royal Decree 1112\/2018<\/p>\n<\/li>\n \t<li class=\"\" data-start=\"5006\" data-end=\"5222\">\n<p class=\"\" data-start=\"5008\" data-end=\"5062\">A <strong data-start=\"5010\" data-end=\"5048\">accessible information request<\/strong> related to:<\/p>\n\n<ul data-start=\"5065\" data-end=\"5222\">\n \t<li class=\"\" data-start=\"5065\" data-end=\"5142\">\n<p class=\"\" data-start=\"5067\" data-end=\"5142\">Content that is <strong data-start=\"5083\" data-end=\"5095\">excluded<\/strong> of the scope of application of Royal Decree 1112\/2018 pursuant to Article 3, paragraph 4<\/p>\n<\/li>\n \t<li class=\"\" data-start=\"5145\" data-end=\"5222\">\n<p class=\"\" data-start=\"5147\" data-end=\"5222\">Content that is <strong data-start=\"5163\" data-end=\"5173\">exempt<\/strong> of compliance by imposing a disproportionate burden<\/p>\n<\/li>\n<\/ul>\n<\/li>\n<\/ul>\n<p class=\"\" data-start=\"5224\" data-end=\"5391\">The request for accessible information must clearly specify the facts, reasons and request that allow verification that it is a reasonable and legitimate request.<\/p>\n\n<h3 class=\"\" data-start=\"5393\" data-end=\"5419\"><strong data-start=\"5397\" data-end=\"5417\">Optional Content<\/strong><\/h3>\n<p class=\"\" data-start=\"5421\" data-end=\"5535\">This website complies with the requirements of the <strong data-start=\"5462\" data-end=\"5484\">UNE-EN 301549:2022<\/strong>, taking into account the exceptions of <strong data-start=\"5516\" data-end=\"5532\">RD 1112\/2018<\/strong>.<\/p>\n<p class=\"\" data-start=\"5537\" data-end=\"5609\">The last one <strong data-start=\"5546\" data-end=\"5570\">accessibility review<\/strong> the <strong data-start=\"5588\" data-end=\"5606\">March 26, 2025<\/strong>.<\/p>\n<p class=\"\" data-start=\"5611\" data-end=\"5824\">The website is <strong data-start=\"5626\" data-end=\"5639\">optimized<\/strong> for <strong data-start=\"5644\" data-end=\"5688\">Microsoft Internet Explorer 8.0 or later<\/strong> and the latest versions of <strong data-start=\"5716\" data-end=\"5761\">Firefox, Safari, Opera and Google Chrome<\/strong>. The minimum recommended resolution is <strong data-start=\"5808\" data-end=\"5821\">1280\u00d71024<\/strong>.<\/p>\n<p class=\"\" data-start=\"5826\" data-end=\"6084\">The website is <strong data-start=\"5841\" data-end=\"5876\">designed for adaptable viewing<\/strong>, ensuring proper display in <strong data-start=\"5906\" data-end=\"5936\">tablets and mobile devices<\/strong>. It is optimized for the latest versions of <strong data-start=\"5981\" data-end=\"6081\">Chrome for mobile, Firefox for mobile, Safari Mobile, Opera Mini and the native Android browser<\/strong>.<\/p>\n\t\t\t\t\t\t\t\t<\/div>\n\t\t\t\t<\/div>\n\t\t\t\t\t<\/div>\n\t\t\t\t<\/div>\n\t\t\t\t<\/div>","protected":false},"excerpt":{"rendered":"<p>Compromiso con la Accesibilidad Dmitry Tsatsenko se compromete a hacer accesible su sitio web de conformidad con el Real Decreto 1112\/2018, de 7 de septiembre, sobre accesibilidad de los sitios web y aplicaciones para dispositivos m\u00f3viles del sector p\u00fablico. La presente declaraci\u00f3n de accesibilidad se aplica al sitio web https:\/\/dmreformasymantenimiento.com. Estado de Cumplimiento Este sitio [&hellip;]<\/p>","protected":false},"author":1,"featured_media":0,"parent":0,"menu_order":0,"comment_status":"closed","ping_status":"closed","template":"","meta":{"_joinchat":[],"footnotes":""},"class_list":["post-22","page","type-page","status-publish","hentry"],"_links":{"self":[{"href":"https:\/\/dmreformasymantenimiento.com\/en_us\/wp-json\/wp\/v2\/pages\/22","targetHints":{"allow":["GET"]}}],"collection":[{"href":"https:\/\/dmreformasymantenimiento.com\/en_us\/wp-json\/wp\/v2\/pages"}],"about":[{"href":"https:\/\/dmreformasymantenimiento.com\/en_us\/wp-json\/wp\/v2\/types\/page"}],"author":[{"embeddable":true,"href":"https:\/\/dmreformasymantenimiento.com\/en_us\/wp-json\/wp\/v2\/users\/1"}],"replies":[{"embeddable":true,"href":"https:\/\/dmreformasymantenimiento.com\/en_us\/wp-json\/wp\/v2\/comments?post=22"}],"version-history":[{"count":15,"href":"https:\/\/dmreformasymantenimiento.com\/en_us\/wp-json\/wp\/v2\/pages\/22\/revisions"}],"predecessor-version":[{"id":827,"href":"https:\/\/dmreformasymantenimiento.com\/en_us\/wp-json\/wp\/v2\/pages\/22\/revisions\/827"}],"wp:attachment":[{"href":"https:\/\/dmreformasymantenimiento.com\/en_us\/wp-json\/wp\/v2\/media?parent=22"}],"curies":[{"name":"wp","href":"https:\/\/api.w.org\/{rel}","templated":true}]}}